{"id":231,"date":"2026-01-02T12:33:47","date_gmt":"2026-01-02T11:33:47","guid":{"rendered":"https:\/\/ff-dietersdorf.at\/?page_id=231"},"modified":"2026-04-15T05:01:53","modified_gmt":"2026-04-15T04:01:53","slug":"kuppelcup","status":"publish","type":"page","link":"https:\/\/ff-dietersdorf.at\/index.php\/kuppelcup\/","title":{"rendered":"Kuppelcup"},"content":{"rendered":"\n<h2 class=\"wp-block-heading has-text-align-center\">Angemeldete Gruppen: 40<\/h2>\n\n\n\n<h2 class=\"wp-block-heading\">Anmeldung<\/h2>\n\n\n\n<div class=\"wp-block-columns is-layout-flex wp-container-core-columns-is-layout-28f84493 wp-block-columns-is-layout-flex\">\n<div class=\"wp-block-column is-layout-flow wp-block-column-is-layout-flow\" style=\"flex-basis:100%\">\n<div class=\"wp-block-columns is-layout-flex wp-container-core-columns-is-layout-28f84493 wp-block-columns-is-layout-flex\">\n<div class=\"wp-block-column is-layout-flow wp-block-column-is-layout-flow\" style=\"flex-basis:66.66%\">\n<p>Bitte f\u00fcr jede Gruppe die antritt ein separates Formular ausf\u00fcllen.<\/p>\n\n\n\n<p>Wir versuchen, die von euch gew\u00fcnschte Zeit einzuhalten. Sollte dies nicht m\u00f6glich sein, erhaltet ihr einen Platz so nah wie m\u00f6glich an eurer Wunschzeit.<\/p>\n\n\n\n<div class=\"wpcf7 no-js\" id=\"wpcf7-f238-o1\" lang=\"de-DE\" dir=\"ltr\" data-wpcf7-id=\"238\">\n<div class=\"screen-reader-response\"><p role=\"status\" aria-live=\"polite\" aria-atomic=\"true\"><\/p> <ul><\/ul><\/div>\n<form action=\"\/index.php\/wp-json\/wp\/v2\/pages\/231#wpcf7-f238-o1\" method=\"post\" class=\"wpcf7-form init\" aria-label=\"Kontaktformular\" novalidate=\"novalidate\" data-status=\"init\">\n<fieldset class=\"hidden-fields-container\"><input type=\"hidden\" name=\"_wpcf7\" value=\"238\" \/><input type=\"hidden\" name=\"_wpcf7_version\" value=\"6.1.4\" \/><input type=\"hidden\" name=\"_wpcf7_locale\" value=\"de_DE\" \/><input type=\"hidden\" name=\"_wpcf7_unit_tag\" value=\"wpcf7-f238-o1\" \/><input type=\"hidden\" name=\"_wpcf7_container_post\" value=\"0\" \/><input type=\"hidden\" name=\"_wpcf7_posted_data_hash\" value=\"\" \/>\n<\/fieldset>\n<p><label> Feuerwehr*<br \/>\n<span class=\"wpcf7-form-control-wrap\" data-name=\"your-feuerwehr\"><input size=\"40\" maxlength=\"400\" class=\"wpcf7-form-control wpcf7-text wpcf7-validates-as-required\" aria-required=\"true\" aria-invalid=\"false\" value=\"\" type=\"text\" name=\"your-feuerwehr\" \/><\/span> <\/label>\n<\/p>\n<p><label> Herren- oder Damengruppe* <\/label><br \/>\n<span class=\"wpcf7-form-control-wrap\" data-name=\"your-damen\"><span class=\"wpcf7-form-control wpcf7-radio\"><span class=\"wpcf7-list-item first\"><input type=\"radio\" name=\"your-damen\" value=\"Herren\" checked=\"checked\" \/><span class=\"wpcf7-list-item-label\">Herren<\/span><\/span><span class=\"wpcf7-list-item last\"><input type=\"radio\" name=\"your-damen\" value=\"Damen\" \/><span class=\"wpcf7-list-item-label\">Damen<\/span><\/span><\/span><\/span>\n<\/p>\n<p><label> Deine E-Mail-Adresse*<br \/>\n<span class=\"wpcf7-form-control-wrap\" data-name=\"your-email\"><input size=\"40\" maxlength=\"400\" class=\"wpcf7-form-control wpcf7-email wpcf7-validates-as-required wpcf7-text wpcf7-validates-as-email\" autocomplete=\"email\" aria-required=\"true\" aria-invalid=\"false\" value=\"\" type=\"email\" name=\"your-email\" \/><\/span> <\/label>\n<\/p>\n<p><label> Wunschzeit<br \/>\n<span class=\"wpcf7-form-control-wrap\" data-name=\"your-zeit\"><select class=\"wpcf7-form-control wpcf7-select\" aria-invalid=\"false\" name=\"your-zeit\"><option value=\"egal\">egal<\/option><option value=\"14:00\">14:00<\/option><option value=\"14:30\">14:30<\/option><option value=\"15:00\">15:00<\/option><option value=\"15:30\">15:30<\/option><option value=\"16:00\">16:00<\/option><\/select><\/span> <\/label>\n<\/p>\n<p><label> Nachricht (optional)<br \/>\n<span class=\"wpcf7-form-control-wrap\" data-name=\"your-message\"><textarea cols=\"40\" rows=\"10\" maxlength=\"2000\" class=\"wpcf7-form-control wpcf7-textarea\" aria-invalid=\"false\" name=\"your-message\"><\/textarea><\/span> <\/label>\n<\/p>\n<p><input class=\"wpcf7-form-control wpcf7-submit has-spinner\" type=\"submit\" value=\"Anmelden\" \/>\n<\/p><div class=\"wpcf7-response-output\" aria-hidden=\"true\"><\/div>\n<\/form>\n<\/div>\n\n<\/div>\n<\/div>\n<\/div>\n<\/div>\n\n\n\n<figure class=\"wp-block-table is-style-stripes\"><table><thead><tr><th class=\"has-text-align-center\" data-align=\"center\">Richtzeit<\/th><th class=\"has-text-align-center\" data-align=\"center\">Gruppe<\/th><\/tr><\/thead><tbody><tr><td class=\"has-text-align-center\" data-align=\"center\">14:00<\/td><td class=\"has-text-align-center\" data-align=\"center\">Dietersdorf b.F. 1<\/td><\/tr><tr><td class=\"has-text-align-center\" data-align=\"center\"><\/td><td class=\"has-text-align-center\" data-align=\"center\">Prebensdorf 1<\/td><\/tr><tr><td class=\"has-text-align-center\" data-align=\"center\">14:06<\/td><td class=\"has-text-align-center\" data-align=\"center\">St. Kathrein am Hauenstein 1<\/td><\/tr><tr><td class=\"has-text-align-center\" data-align=\"center\"><\/td><td class=\"has-text-align-center\" data-align=\"center\">Rudersdorf Berg 3<\/td><\/tr><tr><td class=\"has-text-align-center\" data-align=\"center\">14:12<\/td><td class=\"has-text-align-center\" data-align=\"center\">Dietersdorf b.F. Damen<\/td><\/tr><tr><td class=\"has-text-align-center\" data-align=\"center\"><\/td><td class=\"has-text-align-center\" data-align=\"center\">Z\u00f6bern 2<\/td><\/tr><tr><td class=\"has-text-align-center\" data-align=\"center\">14:18<\/td><td class=\"has-text-align-center\" data-align=\"center\">St. Kathrein am Hauenstein 2<\/td><\/tr><tr><td class=\"has-text-align-center\" data-align=\"center\"><\/td><td class=\"has-text-align-center\" data-align=\"center\">Grieselstein<\/td><\/tr><tr><td class=\"has-text-align-center\" data-align=\"center\">14:24<\/td><td class=\"has-text-align-center\" data-align=\"center\"><\/td><\/tr><tr><td class=\"has-text-align-center\" data-align=\"center\"><\/td><td class=\"has-text-align-center\" data-align=\"center\">Pre\u00dfguts 1<\/td><\/tr><tr><td class=\"has-text-align-center\" data-align=\"center\">14:30<\/td><td class=\"has-text-align-center\" data-align=\"center\">Falkenstein Damen<\/td><\/tr><tr><td class=\"has-text-align-center\" data-align=\"center\"><\/td><td class=\"has-text-align-center\" data-align=\"center\">Kornberg-Bergl 2<\/td><\/tr><tr><td class=\"has-text-align-center\" data-align=\"center\">14:36<\/td><td class=\"has-text-align-center\" data-align=\"center\">Baumgarten<\/td><\/tr><tr><td class=\"has-text-align-center\" data-align=\"center\"><\/td><td class=\"has-text-align-center\" data-align=\"center\"><\/td><\/tr><tr><td class=\"has-text-align-center\" data-align=\"center\">14:42<\/td><td class=\"has-text-align-center\" data-align=\"center\">St. Stefan im Rosental<\/td><\/tr><tr><td class=\"has-text-align-center\" data-align=\"center\"><\/td><td class=\"has-text-align-center\" data-align=\"center\">Zillingsdorf Mark<\/td><\/tr><tr><td class=\"has-text-align-center\" data-align=\"center\">14:48<\/td><td class=\"has-text-align-center\" data-align=\"center\">Unterlamm<\/td><\/tr><tr><td class=\"has-text-align-center\" data-align=\"center\"><\/td><td class=\"has-text-align-center\" data-align=\"center\">Reichendorf<\/td><\/tr><tr><td class=\"has-text-align-center\" data-align=\"center\">14:54<\/td><td class=\"has-text-align-center\" data-align=\"center\">Prebensdorf 2<\/td><\/tr><tr><td class=\"has-text-align-center\" data-align=\"center\"><\/td><td class=\"has-text-align-center\" data-align=\"center\">Wetzelsdorf bei Jagerberg<\/td><\/tr><tr><td class=\"has-text-align-center\" data-align=\"center\">15:00<\/td><td class=\"has-text-align-center\" data-align=\"center\">Rudersdorf Berg 2 Damen<\/td><\/tr><tr><td class=\"has-text-align-center\" data-align=\"center\"><\/td><td class=\"has-text-align-center\" data-align=\"center\">Wenigzell<\/td><\/tr><tr><td class=\"has-text-align-center\" data-align=\"center\">15:06<\/td><td class=\"has-text-align-center\" data-align=\"center\">Pre\u00dfguts 2<\/td><\/tr><tr><td class=\"has-text-align-center\" data-align=\"center\"><\/td><td class=\"has-text-align-center\" data-align=\"center\">Zillingsdorf Markt 2<\/td><\/tr><tr><td class=\"has-text-align-center\" data-align=\"center\">15:12<\/td><td class=\"has-text-align-center\" data-align=\"center\">Grafenschachen<\/td><\/tr><tr><td class=\"has-text-align-center\" data-align=\"center\"><\/td><td class=\"has-text-align-center\" data-align=\"center\">St. Stefan im Rosental Damen<\/td><\/tr><tr><td class=\"has-text-align-center\" data-align=\"center\">15:18<\/td><td class=\"has-text-align-center\" data-align=\"center\">Rettenegg<\/td><\/tr><tr><td class=\"has-text-align-center\" data-align=\"center\"><\/td><td class=\"has-text-align-center\" data-align=\"center\">Seibuttendorf<\/td><\/tr><tr><td class=\"has-text-align-center\" data-align=\"center\">15:24<\/td><td class=\"has-text-align-center\" data-align=\"center\">Pirkhof<\/td><\/tr><tr><td class=\"has-text-align-center\" data-align=\"center\"><\/td><td class=\"has-text-align-center\" data-align=\"center\">Rudersdorf Berg 1 Damen<\/td><\/tr><tr><td class=\"has-text-align-center\" data-align=\"center\">15:30<\/td><td class=\"has-text-align-center\" data-align=\"center\">Bierbaum a.d.S. 1<\/td><\/tr><tr><td class=\"has-text-align-center\" data-align=\"center\"><\/td><td class=\"has-text-align-center\" data-align=\"center\">Schlag 2<\/td><\/tr><tr><td class=\"has-text-align-center\" data-align=\"center\">15:36<\/td><td class=\"has-text-align-center\" data-align=\"center\">St. Nikolai i\/S 1<\/td><\/tr><tr><td class=\"has-text-align-center\" data-align=\"center\"><\/td><td class=\"has-text-align-center\" data-align=\"center\">Kornberg-Bergl<\/td><\/tr><tr><td class=\"has-text-align-center\" data-align=\"center\">15:42<\/td><td class=\"has-text-align-center\" data-align=\"center\">Gschaidt<\/td><\/tr><tr><td class=\"has-text-align-center\" data-align=\"center\"><\/td><td class=\"has-text-align-center\" data-align=\"center\">St. Nikolai i\/S 3<\/td><\/tr><tr><td class=\"has-text-align-center\" data-align=\"center\">15:48<\/td><td class=\"has-text-align-center\" data-align=\"center\">St. Nikolai i\/S 2<\/td><\/tr><tr><td class=\"has-text-align-center\" data-align=\"center\"><\/td><td class=\"has-text-align-center\" data-align=\"center\">Auersbach Damen<\/td><\/tr><tr><td class=\"has-text-align-center\" data-align=\"center\">15:54<\/td><td class=\"has-text-align-center\" data-align=\"center\">Bierbaum a.d.S. 2<\/td><\/tr><tr><td class=\"has-text-align-center\" data-align=\"center\"><\/td><td class=\"has-text-align-center\" data-align=\"center\">Sch\u00fctzing<\/td><\/tr><tr><td class=\"has-text-align-center\" data-align=\"center\">16:00<\/td><td class=\"has-text-align-center\" data-align=\"center\">Schlag 1<\/td><\/tr><tr><td class=\"has-text-align-center\" data-align=\"center\"><\/td><td class=\"has-text-align-center\" data-align=\"center\">Sch\u00fctzing Damen<\/td><\/tr><\/tbody><\/table><\/figure>\n\n\n\n<h2 class=\"wp-block-heading\">Richtlinien<\/h2>\n\n\n\n<div data-wp-interactive=\"core\/file\" class=\"wp-block-file\"><object data-wp-bind--hidden=\"!state.hasPdfPreview\" hidden class=\"wp-block-file__embed\" data=\"https:\/\/ff-dietersdorf.at\/wp-content\/uploads\/2026\/01\/Richtlinien-Kuppel-Cup-2026.docx.pdf\" type=\"application\/pdf\" style=\"width:100%;height:600px\" aria-label=\"Einbettung von Richtlinien Kuppel Cup 2026.docx.\"><\/object><a id=\"wp-block-file--media-71e87042-47c7-4e0b-9cfc-a60b6006547f\" href=\"https:\/\/ff-dietersdorf.at\/wp-content\/uploads\/2026\/01\/Richtlinien-Kuppel-Cup-2026.docx.pdf\">Richtlinien Kuppel Cup 2026.docx<\/a><a href=\"https:\/\/ff-dietersdorf.at\/wp-content\/uploads\/2026\/01\/Richtlinien-Kuppel-Cup-2026.docx.pdf\" class=\"wp-block-file__button wp-element-button\" download aria-describedby=\"wp-block-file--media-71e87042-47c7-4e0b-9cfc-a60b6006547f\">Herunterladen<\/a><\/div>\n","protected":false},"excerpt":{"rendered":"<p>Angemeldete Gruppen: 40 Anmeldung Bitte f\u00fcr jede Gruppe die antritt ein separates Formular ausf\u00fcllen. Wir versuchen, die von euch gew\u00fcnschte Zeit einzuhalten. Sollte dies nicht m\u00f6glich sein, erhaltet ihr einen Platz so nah wie m\u00f6glich an eurer Wunschzeit. Richtzeit Gruppe 14:00 Dietersdorf b.F. 1 Prebensdorf 1 14:06 St. Kathrein am Hauenstein 1 Rudersdorf Berg 3 [&hellip;]<\/p>\n","protected":false},"author":1,"featured_media":0,"parent":0,"menu_order":0,"comment_status":"closed","ping_status":"closed","template":"","meta":{"footnotes":""},"class_list":["post-231","page","type-page","status-publish","hentry"],"_links":{"self":[{"href":"https:\/\/ff-dietersdorf.at\/index.php\/wp-json\/wp\/v2\/pages\/231","targetHints":{"allow":["GET"]}}],"collection":[{"href":"https:\/\/ff-dietersdorf.at\/index.php\/wp-json\/wp\/v2\/pages"}],"about":[{"href":"https:\/\/ff-dietersdorf.at\/index.php\/wp-json\/wp\/v2\/types\/page"}],"author":[{"embeddable":true,"href":"https:\/\/ff-dietersdorf.at\/index.php\/wp-json\/wp\/v2\/users\/1"}],"replies":[{"embeddable":true,"href":"https:\/\/ff-dietersdorf.at\/index.php\/wp-json\/wp\/v2\/comments?post=231"}],"version-history":[{"count":34,"href":"https:\/\/ff-dietersdorf.at\/index.php\/wp-json\/wp\/v2\/pages\/231\/revisions"}],"predecessor-version":[{"id":450,"href":"https:\/\/ff-dietersdorf.at\/index.php\/wp-json\/wp\/v2\/pages\/231\/revisions\/450"}],"wp:attachment":[{"href":"https:\/\/ff-dietersdorf.at\/index.php\/wp-json\/wp\/v2\/media?parent=231"}],"curies":[{"name":"wp","href":"https:\/\/api.w.org\/{rel}","templated":true}]}}